{"id":211,"date":"2024-11-12T11:18:35","date_gmt":"2024-11-12T10:18:35","guid":{"rendered":"https:\/\/piscineando.com\/?page_id=211"},"modified":"2025-03-27T11:20:20","modified_gmt":"2025-03-27T10:20:20","slug":"politica-de-privacidad","status":"publish","type":"page","link":"https:\/\/piscineando.com\/es\/politica-de-privacidad\/","title":{"rendered":"Pol\u00edtica de privacidad"},"content":{"rendered":"<div class=\"fusion-fullwidth fullwidth-box fusion-builder-row-1 fusion-flex-container nonhundred-percent-fullwidth non-hundred-percent-height-scrolling\" style=\"--awb-border-radius-top-left:0px;--awb-border-radius-top-right:0px;--awb-border-radius-bottom-right:0px;--awb-border-radius-bottom-left:0px;--awb-flex-wrap:wrap;\" ><div class=\"fusion-builder-row fusion-row fusion-flex-align-items-flex-start fusion-flex-content-wrap\" style=\"max-width:1352px;margin-left: calc(-4% \/ 2 );margin-right: calc(-4% \/ 2 );\"><div class=\"fusion-layout-column fusion_builder_column fusion-builder-column-0 fusion_builder_column_1_1 1_1 fusion-flex-column\" style=\"--awb-bg-size:cover;--awb-width-large:100%;--awb-margin-top-large:0px;--awb-spacing-right-large:1.92%;--awb-margin-bottom-large:0px;--awb-spacing-left-large:1.92%;--awb-width-medium:100%;--awb-spacing-right-medium:1.92%;--awb-spacing-left-medium:1.92%;--awb-width-small:100%;--awb-spacing-right-small:1.92%;--awb-spacing-left-small:1.92%;\"><div class=\"fusion-column-wrapper fusion-flex-justify-content-flex-start fusion-content-layout-column\"><div class=\"fusion-text fusion-text-1\"><h1 data-fontsize=\"40\" style=\"--fontSize: 40; line-height: 1.2;\" data-lineheight=\"48px\" class=\"fusion-responsive-typography-calculated\">Pol\u00edtica de privacidad<\/h1>\n<p><strong>Responsable del tratamiento<\/strong><\/p>\n<p>Construcci\u00f3n de Tenis y Piscinas SA (COTEPISA)<\/p>\n<p><strong>Finalidad del tratamiento<\/strong><\/p>\n<p>Gestionar su registro como usuario del sitio Web.<\/p>\n<p>Env\u00edo de publicidad de COTEPISA, si lo ha autorizado expresamente.<\/p>\n<p><strong>Legitimaci\u00f3n del tratamiento<\/strong><\/p>\n<p>Prestaci\u00f3n del consentimiento expreso y ejecuci\u00f3n de la relaci\u00f3n registral voluntariamente aceptada.<\/p>\n<p><strong>Destinatarios<\/strong><\/p>\n<p>S\u00f3lo podr\u00e1 tener acceso a sus datos personales, COTEPISA y los proveedores contratados por COTEPISA.<\/p>\n<p>En ning\u00fan caso habr\u00e1 transferencia internacional de datos.<\/p>\n<p>Derechos<\/p>\n<ul>\n<li>Acceso (acceso a sus datos),<\/li>\n<li>Rectificaci\u00f3n (que se completen o actualicen)<\/li>\n<li>Oposici\u00f3n (que se dejen de tratar los datos)<\/li>\n<li>Supresi\u00f3n (que se supriman dichos datos),<\/li>\n<li>Portabilidad (pedir copia para transmitirlos a otra compa\u00f1\u00eda)<\/li>\n<li>Limitaci\u00f3n (que se traten los datos de forma limitada)<\/li>\n<\/ul>\n<p>Con copia del DNI o pasaporte: petici\u00f3n a COTEPISA<\/p>\n<p><strong>A continuaci\u00f3n puede encontrar m\u00e1s informaci\u00f3n sobre los puntos anteriormente indicados:<\/strong><\/p>\n<p>a) Normativa aplicable:<\/p>\n<p>La recogida de datos personales se realiza seg\u00fan lo previsto en el Reglamento (UE) 2016\/679 del Parlamento Europeo y del Consejo, de 27 de abril de 2016, relativo a la protecci\u00f3n de las personas f\u00edsicas en lo que respecta al tratamiento de datos personales. Tambi\u00e9n conocido como GDPR.<\/p>\n<p>b) Responsable de los datos:<\/p>\n<p>Una vez obtenido su consentimiento expl\u00edcito, los datos personales pasar\u00e1n a formar parte de las bases de datos de COTEPISA como entidad responsable del tratamiento de sus datos.<\/p>\n<p>c) Tipos de datos y finalidades para las que se utilizar\u00e1n:<\/p>\n<p>Los datos que se recaban ser\u00e1n utilizados para gestionar su alta como usuario registrado del sitio Web, as\u00ed como remitirle comunicaciones comerciales de COTEPISA si as\u00ed lo ha autorizado expl\u00edcitamente, utilizando para ello la casilla expresamente habilitada al efecto.<\/p>\n<p>En cualquier momento podr\u00e1 darse de baja como usuario registrado, utilizando los medios que se incluyen tanto en la tabla anterior, como en el apartado de ejercicio de derechos.<\/p>\n<p>Por otra parte, en cada comunicaci\u00f3n comercial que reciba por medios electr\u00f3nicos, se le dar\u00e1 la posibilidad de darse de baja de los mismos.<\/p>\n<p>d) Legitimaci\u00f3n del tratamiento:<\/p>\n<p>COTEPISA est\u00e1 legitimada para el tratamiento de los datos, gracias al consentimiento que expl\u00edcitamente ha prestado para ello, pasando a formar parte de la base de datos de dicha compa\u00f1\u00eda, como usuario registrado del sitio Web.<\/p>\n<p>e) Acceso a sus datos por terceras empresas:<\/p>\n<p>Es posible que COTEPISA, tenga acceso a ciertos datos ya que presta a sus filiales algunos servicios administrativos vinculados a nuestros sistemas inform\u00e1ticos (gestionados de forma centralizada por dicha compa\u00f1\u00eda). En ning\u00fan caso dicha compa\u00f1\u00eda explotar\u00e1 sus datos ni se utilizar\u00e1n en beneficio de la misma, limit\u00e1ndose el referido tratamiento de los datos, a la finalidad indicada en la presente cl\u00e1usula. Dicha compa\u00f1\u00eda aplica adem\u00e1s los mismos criterios y tiene implantadas las correspondientes medidas de seguridad, para garantizar la seguridad y confidencialidad de los datos.<\/p>\n<p>Por otra parte, COTEPISA puede tener contratados los servicios de proveedores externos que con motivo de la prestaci\u00f3n del citado servicio, podr\u00edan acceder a nuestras bases de datos. Es lo que el GDPR denomina encargados de tratamiento. Con dichos proveedores se ha suscrito el correspondiente contrato, nuevamente para garantizar la seguridad y confidencialidad de los datos de los que somos responsables. En ning\u00fan caso tratan los datos en beneficio propio o con finalidades distintas a las anteriormente indicadas.<\/p>\n<p>En este sentido, se informa tambi\u00e9n de que en ning\u00fan caso sus datos ser\u00e1n comunicados a otras compa\u00f1\u00edas, ni se transferir\u00e1n a terceras empresas domiciliadas en pa\u00edses que no ofrezcan un sistema de protecci\u00f3n equiparable al europeo. Todo ello, con la excepci\u00f3n de que en alg\u00fan caso concreto, el usuario lo autorice expresamente o una Ley as\u00ed lo requiera.<\/p>\n<p>COTEPISA no utilizar\u00e1 los datos para ning\u00fan fin que sea incompatible con los fines indicados, a menos que sean requeridos por la ley o autorizados por el usuario.<\/p>\n<p>f) Plazos de conservaci\u00f3n:<\/p>\n<p>Los datos personales se conservar\u00e1n mientras perdure la relaci\u00f3n con COTEPISA, salvo que el usuario se oponga a ello en cualquier momento utilizando los medios para el ejercicio de los derechos, que se describen en el apartado siguiente y en la tabla incorporada al principio de esta pol\u00edtica.<\/p>\n<p>Tambi\u00e9n podr\u00e1n conservarse los datos debidamente bloqueados para su puesta a disposici\u00f3n de las Administraciones p\u00fablicas, Jueces y Tribunales para la atenci\u00f3n, en su caso, de las posibles responsabilidades nacidas del tratamiento, pero s\u00f3lo durante el plazo de prescripci\u00f3n de dichas responsabilidades.<\/p>\n<p>g) Ejercicio de derechos por parte de los usuarios:<\/p>\n<p>Puede ejercitar sus derechos:<\/p>\n<ul>\n<li>de acceso (acceso a sus datos y finalidades con las que COTEPISA trata los datos);<\/li>\n<li>rectificaci\u00f3n (que se completen o actualicen cualquiera de los datos personales que sean inexactos o incompletos);<\/li>\n<li>oposici\u00f3n (que se dejen de tratar los datos personales);<\/li>\n<li>supresi\u00f3n (que se supriman dichos datos);<\/li>\n<li>portabilidad (posibilidad de recibir una copia de los datos para transmitirlos a otra compa\u00f1\u00eda);<\/li>\n<li>y limitaci\u00f3n (que se traten los datos de forma limitada seg\u00fan las indicaciones del titular de los mismos)<\/li>\n<li>revocar el consentimiento prestado para el env\u00edo de comunicaciones comerciales<\/li>\n<li>revocar el consentimiento prestado para el tratamiento de sus datos, sin perjuicio de la legalidad del tratamiento basado en el consentimiento prestado de forma previa a la revocaci\u00f3n<\/li>\n<\/ul>\n<p>Dirigi\u00e9ndose por escrito a COTEPISA, aportando copia de su DNI o Pasaporte a la direcci\u00f3n de correo electr\u00f3nico: <a href=\"mailto:reindesa@reindesa.com\">reindesa@reindesa.com<\/a>, que atender\u00e1 cualquier consulta relacionada con el tratamiento de sus datos personales.<\/p>\n<p>h) Reclamaci\u00f3n ante las autoridades:<\/p>\n<p>Puede presentar una reclamaci\u00f3n ante la autoridad de control en materia de protecci\u00f3n de datos del pa\u00eds de la Uni\u00f3n Europea en el que resida o del pa\u00eds de la Uni\u00f3n Europea en el que se haya infringido dicha ley de protecci\u00f3n de datos.<\/p>\n<p>En Espa\u00f1a la autoridad competente es la <a href=\"https:\/\/www.agpd.es\/portalwebAGPD\/index-ides-idphp.php\">Agencia Espa\u00f1ola de Protecci\u00f3n de Datos.<\/a><\/p>\n<\/div><\/div><\/div><\/div><\/div>\n","protected":false},"excerpt":{"rendered":"","protected":false},"author":2,"featured_media":0,"parent":0,"menu_order":0,"comment_status":"closed","ping_status":"open","template":"100-width.php","meta":{"_acf_changed":false,"footnotes":""},"class_list":["post-211","page","type-page","status-publish","hentry"],"acf":[],"_links":{"self":[{"href":"https:\/\/piscineando.com\/es\/wp-json\/wp\/v2\/pages\/211","targetHints":{"allow":["GET"]}}],"collection":[{"href":"https:\/\/piscineando.com\/es\/wp-json\/wp\/v2\/pages"}],"about":[{"href":"https:\/\/piscineando.com\/es\/wp-json\/wp\/v2\/types\/page"}],"author":[{"embeddable":true,"href":"https:\/\/piscineando.com\/es\/wp-json\/wp\/v2\/users\/2"}],"replies":[{"embeddable":true,"href":"https:\/\/piscineando.com\/es\/wp-json\/wp\/v2\/comments?post=211"}],"version-history":[{"count":4,"href":"https:\/\/piscineando.com\/es\/wp-json\/wp\/v2\/pages\/211\/revisions"}],"predecessor-version":[{"id":762,"href":"https:\/\/piscineando.com\/es\/wp-json\/wp\/v2\/pages\/211\/revisions\/762"}],"wp:attachment":[{"href":"https:\/\/piscineando.com\/es\/wp-json\/wp\/v2\/media?parent=211"}],"curies":[{"name":"wp","href":"https:\/\/api.w.org\/{rel}","templated":true}]}}